{"id":113,"date":"2024-08-10T14:39:00","date_gmt":"2024-08-10T12:39:00","guid":{"rendered":"https:\/\/otwartespoleczenstwo.org.pl\/?page_id=113"},"modified":"2024-08-10T18:25:11","modified_gmt":"2024-08-10T16:25:11","slug":"nasza-misja","status":"publish","type":"page","link":"http:\/\/otwartespoleczenstwo.org.pl\/?page_id=113","title":{"rendered":"Nasza misja"},"content":{"rendered":"\n<p class=\"has-medium-font-size\">Nasz\u0105 misj\u0105 jest budowa spo\u0142ecze\u0144stwa obywatelskiego i umacnianie postaw nastawionych na aktywne wsp\u00f3\u0142dzia\u0142anie w rozwoju spo\u0142ecze\u0144stwa obywatelskiego i spo\u0142eczno\u015bci lokalnej.<\/p>\n\n\n\n<p class=\"has-medium-font-size\"><br>W swoich dzia\u0142aniach skupiamy si\u0119 m.in. na wspieraniu \u015brodowisk defaworyzowanych, kt\u00f3rym pomagamy w pe\u0142nym korzystaniu z us\u0142ug spo\u0142ecznych, promujemy ducha tolerancji i dialogu.<\/p>\n\n\n\n<p class=\"has-medium-font-size\"><br>Pomagamy odnale\u017a\u0107 harmoni\u0119 w \u017cyciu, m.in. poprzez programy edukacyjne, wsparcie w poszukiwaniu pracy. Wa\u017cna dla nas jest harmonia w \u017cyciu, kreatywno\u015b\u0107 i zaanga\u017cowanie.<\/p>\n\n\n\n<p class=\"has-medium-font-size\"><br>Naszymi wolontariuszami s\u0105 m.in. osoby, kt\u00f3re w\u0142asne do\u015bwiadczenie zawodowe przenosz\u0105 na warstw\u0119 spo\u0142eczn\u0105, zaliczaj\u0105 si\u0119 do nich m.in. pedagodzy, doradcy zawodowi, coachowie,<\/p>\n\n\n\n<p><\/p>\n","protected":false},"excerpt":{"rendered":"<p>Nasz\u0105 misj\u0105 jest budowa spo\u0142ecze\u0144stwa obywatelskiego i umacnianie postaw nastawionych na aktywne wsp\u00f3\u0142dzia\u0142anie w rozwoju spo\u0142ecze\u0144stwa obywatelskiego i spo\u0142eczno\u015bci lokalnej. W swoich dzia\u0142aniach skupiamy si\u0119 m.in. na wspieraniu \u015brodowisk defaworyzowanych, kt\u00f3rym pomagamy w pe\u0142nym korzystaniu z us\u0142ug spo\u0142ecznych, promujemy ducha tolerancji i dialogu. Pomagamy odnale\u017a\u0107 harmoni\u0119 w \u017cyciu, m.in. poprzez programy edukacyjne, wsparcie w poszukiwaniu [&hellip;]<\/p>\n","protected":false},"author":1,"featured_media":0,"parent":0,"menu_order":0,"comment_status":"closed","ping_status":"closed","template":"","meta":{"footnotes":""},"class_list":["post-113","page","type-page","status-publish","hentry"],"_links":{"self":[{"href":"http:\/\/otwartespoleczenstwo.org.pl\/index.php?rest_route=\/wp\/v2\/pages\/113","targetHints":{"allow":["GET"]}}],"collection":[{"href":"http:\/\/otwartespoleczenstwo.org.pl\/index.php?rest_route=\/wp\/v2\/pages"}],"about":[{"href":"http:\/\/otwartespoleczenstwo.org.pl\/index.php?rest_route=\/wp\/v2\/types\/page"}],"author":[{"embeddable":true,"href":"http:\/\/otwartespoleczenstwo.org.pl\/index.php?rest_route=\/wp\/v2\/users\/1"}],"replies":[{"embeddable":true,"href":"http:\/\/otwartespoleczenstwo.org.pl\/index.php?rest_route=%2Fwp%2Fv2%2Fcomments&post=113"}],"version-history":[{"count":3,"href":"http:\/\/otwartespoleczenstwo.org.pl\/index.php?rest_route=\/wp\/v2\/pages\/113\/revisions"}],"predecessor-version":[{"id":167,"href":"http:\/\/otwartespoleczenstwo.org.pl\/index.php?rest_route=\/wp\/v2\/pages\/113\/revisions\/167"}],"wp:attachment":[{"href":"http:\/\/otwartespoleczenstwo.org.pl\/index.php?rest_route=%2Fwp%2Fv2%2Fmedia&parent=113"}],"curies":[{"name":"wp","href":"https:\/\/api.w.org\/{rel}","templated":true}]}}