{"id":116,"date":"2024-08-10T14:39:00","date_gmt":"2024-08-10T12:39:00","guid":{"rendered":"https:\/\/otwartespoleczenstwo.org.pl\/?page_id=116"},"modified":"2024-11-12T15:58:25","modified_gmt":"2024-11-12T14:58:25","slug":"nasze-projekty","status":"publish","type":"page","link":"http:\/\/otwartespoleczenstwo.org.pl\/?page_id=116","title":{"rendered":"Nasze projekty"},"content":{"rendered":"\n<figure class=\"wp-block-image size-full\"><img loading=\"lazy\" decoding=\"async\" width=\"908\" height=\"75\" src=\"https:\/\/otwartespoleczenstwo.org.pl\/wp-content\/uploads\/2024\/11\/image.png\" alt=\"\" class=\"wp-image-333\" srcset=\"http:\/\/otwartespoleczenstwo.org.pl\/wp-content\/uploads\/2024\/11\/image.png 908w, http:\/\/otwartespoleczenstwo.org.pl\/wp-content\/uploads\/2024\/11\/image-300x25.png 300w, http:\/\/otwartespoleczenstwo.org.pl\/wp-content\/uploads\/2024\/11\/image-768x63.png 768w\" sizes=\"auto, (max-width: 908px) 100vw, 908px\" \/><\/figure>\n\n\n\n<p>Fundacja Otwartego Spo\u0142ecze\u0144stwa w partnerstwie z Gmin\u0105 Rozogi realizuje projekt dofinansowany z Funduszy Europejskich pt. \u201eLOWE w Gminie Rozogi\u201d o nr FEWM.06.05-IZ.00-0008\/24<\/p>\n\n\n\n<p>Celem projektu jest aktywizacja i w\u0142\u0105czenie w r\u00f3\u017cnorodne formy edukacji 100 os\u00f3b doros\u0142ych z Gminy Rozogi (ucz\u0105cych si\u0119, pracuj\u0105cych lub zamieszkuj\u0105cych, w rozumieniu Kodeksu Cywilnego), w tym znajduj\u0105cych si\u0119 w niekorzystnej sytuacji zawodowej i\/lub \u017cyciowej (w tym osoby z niepe\u0142nosprawno\u015bci\u0105) na rzecz <a><\/a>rozwoju umiej\u0119tno\u015bci stanowi\u0105cych podstaw\u0119 dla uczenia si\u0119 przez ca\u0142e \u017cycie, przydatnych do poruszania si\u0119 na rynku pracy, dla rozwoju osobistego i rozwoju wsp\u00f3lnot poprzez utworzenie przy Szkole Podstawowej im. Jana Paw\u0142a II w Rozogach o\u015brodka LOWE, adaptacj\u0119 do pe\u0142nienia funkcji LOWE i wsparcie jego funkcjonowania w okresie 01.11.2024- 30.06.2026 r.<\/p>\n\n\n\n<p>Projekt sk\u0142adania si\u0119 z nast\u0119puj\u0105cych zada\u0144:<\/p>\n\n\n\n<p>1. Utworzenie i funkcjonowanie LOWE<\/p>\n\n\n\n<p>2. Dostosowanie szko\u0142y do potrzeb LOWE<\/p>\n\n\n\n<p>3. Diagnoza indywidualnych potrzeb edukacyjnych odbiorc\u00f3w LOWE<\/p>\n\n\n\n<p>4. Wsparcie edukacyjne dla uczestnik\u00f3w LOWE<\/p>\n\n\n\n<p>Ca\u0142kowita warto\u015b\u0107 projektu: 526 125,00 z\u0142<\/p>\n\n\n\n<p>Wysoko\u015b\u0107 wk\u0142adu Funduszy Europejskich: 499 725,00 z\u0142<\/p>\n\n\n\n<p><a href=\"https:\/\/www.facebook.com\/hashtag\/funduszeeu?__eep__=6&amp;__cft__[0]=AZVvn-dGTS4bjKOsdMVRoeX-CjSlJwJyRG7yQl7TkRjj99qfJcIvXfzGgdaULZxrrPMPCtK9ePUE9qAYjLq7ZPd70WKPCgZuzpCJvTGoOsuh3B4m_TXoNiTtuU4kQGWsPP1_YgBoPft2Fg4rNXtJjPkKhBRM8dn2CBDGcZO0hH3G4QK3rbRX7EDmF9d9m7PfnoRYG9_OPqgYiYbvN01J9RdH&amp;__tn__=*NK-R\">#FunduszeEU<\/a><\/p>\n\n\n\n<p><a href=\"https:\/\/www.facebook.com\/hashtag\/funduszeeuropejskie?__eep__=6&amp;__cft__[0]=AZVvn-dGTS4bjKOsdMVRoeX-CjSlJwJyRG7yQl7TkRjj99qfJcIvXfzGgdaULZxrrPMPCtK9ePUE9qAYjLq7ZPd70WKPCgZuzpCJvTGoOsuh3B4m_TXoNiTtuU4kQGWsPP1_YgBoPft2Fg4rNXtJjPkKhBRM8dn2CBDGcZO0hH3G4QK3rbRX7EDmF9d9m7PfnoRYG9_OPqgYiYbvN01J9RdH&amp;__tn__=*NK-R\">#FunduszeEuropejskie<\/a><\/p>\n\n\n\n<figure class=\"wp-block-image size-large\"><img loading=\"lazy\" decoding=\"async\" width=\"1024\" height=\"724\" src=\"https:\/\/otwartespoleczenstwo.org.pl\/wp-content\/uploads\/2024\/11\/plakat-\u2014-kopia-1024x724.jpg\" alt=\"\" class=\"wp-image-334\" srcset=\"http:\/\/otwartespoleczenstwo.org.pl\/wp-content\/uploads\/2024\/11\/plakat-\u2014-kopia-1024x724.jpg 1024w, http:\/\/otwartespoleczenstwo.org.pl\/wp-content\/uploads\/2024\/11\/plakat-\u2014-kopia-300x212.jpg 300w, http:\/\/otwartespoleczenstwo.org.pl\/wp-content\/uploads\/2024\/11\/plakat-\u2014-kopia-768x543.jpg 768w, http:\/\/otwartespoleczenstwo.org.pl\/wp-content\/uploads\/2024\/11\/plakat-\u2014-kopia-1536x1086.jpg 1536w, http:\/\/otwartespoleczenstwo.org.pl\/wp-content\/uploads\/2024\/11\/plakat-\u2014-kopia-2048x1448.jpg 2048w\" sizes=\"auto, (max-width: 1024px) 100vw, 1024px\" \/><\/figure>\n","protected":false},"excerpt":{"rendered":"<p>Fundacja Otwartego Spo\u0142ecze\u0144stwa w partnerstwie z Gmin\u0105 Rozogi realizuje projekt dofinansowany z Funduszy Europejskich pt. \u201eLOWE w Gminie Rozogi\u201d o nr FEWM.06.05-IZ.00-0008\/24 Celem projektu jest aktywizacja i w\u0142\u0105czenie w r\u00f3\u017cnorodne formy edukacji 100 os\u00f3b doros\u0142ych z Gminy Rozogi (ucz\u0105cych si\u0119, pracuj\u0105cych lub zamieszkuj\u0105cych, w rozumieniu Kodeksu Cywilnego), w tym znajduj\u0105cych si\u0119 w niekorzystnej sytuacji zawodowej [&hellip;]<\/p>\n","protected":false},"author":1,"featured_media":0,"parent":0,"menu_order":0,"comment_status":"closed","ping_status":"closed","template":"","meta":{"footnotes":""},"class_list":["post-116","page","type-page","status-publish","hentry"],"_links":{"self":[{"href":"http:\/\/otwartespoleczenstwo.org.pl\/index.php?rest_route=\/wp\/v2\/pages\/116","targetHints":{"allow":["GET"]}}],"collection":[{"href":"http:\/\/otwartespoleczenstwo.org.pl\/index.php?rest_route=\/wp\/v2\/pages"}],"about":[{"href":"http:\/\/otwartespoleczenstwo.org.pl\/index.php?rest_route=\/wp\/v2\/types\/page"}],"author":[{"embeddable":true,"href":"http:\/\/otwartespoleczenstwo.org.pl\/index.php?rest_route=\/wp\/v2\/users\/1"}],"replies":[{"embeddable":true,"href":"http:\/\/otwartespoleczenstwo.org.pl\/index.php?rest_route=%2Fwp%2Fv2%2Fcomments&post=116"}],"version-history":[{"count":1,"href":"http:\/\/otwartespoleczenstwo.org.pl\/index.php?rest_route=\/wp\/v2\/pages\/116\/revisions"}],"predecessor-version":[{"id":335,"href":"http:\/\/otwartespoleczenstwo.org.pl\/index.php?rest_route=\/wp\/v2\/pages\/116\/revisions\/335"}],"wp:attachment":[{"href":"http:\/\/otwartespoleczenstwo.org.pl\/index.php?rest_route=%2Fwp%2Fv2%2Fmedia&parent=116"}],"curies":[{"name":"wp","href":"https:\/\/api.w.org\/{rel}","templated":true}]}}