{"id":118,"date":"2024-08-10T14:39:00","date_gmt":"2024-08-10T12:39:00","guid":{"rendered":"https:\/\/otwartespoleczenstwo.org.pl\/?page_id=118"},"modified":"2024-09-01T22:19:59","modified_gmt":"2024-09-01T20:19:59","slug":"zajecia-w-terenie","status":"publish","type":"page","link":"http:\/\/otwartespoleczenstwo.org.pl\/?page_id=118","title":{"rendered":"Zaj\u0119cia w terenie"},"content":{"rendered":"\n<div class=\"wp-block-columns is-layout-flex wp-container-core-columns-is-layout-9d6595d7 wp-block-columns-is-layout-flex\">\n<div class=\"wp-block-column is-layout-flow wp-block-column-is-layout-flow\">\n<p class=\"has-text-align-left\" style=\"font-size:16px\">Podczas d\u0142u\u017cszych wypad\u00f3w uczestnicy maj\u0105 okazj\u0119 do\u015bwiadczy\u0107 wielu nowych bod\u017ac\u00f3w, od zapachu lasu po d\u017awi\u0119ki natury, ucz\u0105c si\u0119 przy tym podstawowych technik survivalowych, takich jak rozpalanie ognia, budowanie schronie\u0144, orientacja w terenie i zdobywanie po\u017cywienia. Te wyzwania nie tylko rozwijaj\u0105 umiej\u0119tno\u015bci praktyczne, ale tak\u017ce wzmacniaj\u0105 ducha zespo\u0142u i ucz\u0105 wsp\u00f3\u0142pracy oraz radzenia sobie w trudnych sytuacjach.<\/p>\n\n\n\n<p style=\"font-size:16px\">Jako fundacja z pasj\u0105 do edukacji i przygody, zapraszamy na nasze wyj\u0105tkowe zaj\u0119cia survivalowe! Organizujemy kilkudniowe warsztaty na \u0142onie natury, kt\u00f3re odbywaj\u0105 si\u0119 w malowniczych lasach. Nasze programy s\u0105 doskona\u0142\u0105 okazj\u0105, aby oderwa\u0107 si\u0119 od codzienno\u015bci i zanurzy\u0107 w \u015bwiat przyrody, odkrywaj\u0105c jej pi\u0119kno i ucz\u0105c si\u0119 przetrwania w dzikich warunkach.<\/p>\n<\/div>\n\n\n\n<div class=\"wp-block-column is-layout-flow wp-block-column-is-layout-flow\"><div class=\"wp-block-image\">\n<figure class=\"alignright size-large is-resized\"><img loading=\"lazy\" decoding=\"async\" width=\"1024\" height=\"1024\" src=\"https:\/\/otwartespoleczenstwo.org.pl\/wp-content\/uploads\/2024\/08\/Projekt-bez-nazwy-1-1024x1024.png\" alt=\"\" class=\"wp-image-287\" style=\"width:414px;height:auto\" srcset=\"http:\/\/otwartespoleczenstwo.org.pl\/wp-content\/uploads\/2024\/08\/Projekt-bez-nazwy-1-1024x1024.png 1024w, http:\/\/otwartespoleczenstwo.org.pl\/wp-content\/uploads\/2024\/08\/Projekt-bez-nazwy-1-300x300.png 300w, http:\/\/otwartespoleczenstwo.org.pl\/wp-content\/uploads\/2024\/08\/Projekt-bez-nazwy-1-150x150.png 150w, http:\/\/otwartespoleczenstwo.org.pl\/wp-content\/uploads\/2024\/08\/Projekt-bez-nazwy-1-768x768.png 768w, http:\/\/otwartespoleczenstwo.org.pl\/wp-content\/uploads\/2024\/08\/Projekt-bez-nazwy-1-500x500.png 500w, http:\/\/otwartespoleczenstwo.org.pl\/wp-content\/uploads\/2024\/08\/Projekt-bez-nazwy-1.png 1080w\" sizes=\"auto, (max-width: 1024px) 100vw, 1024px\" \/><\/figure>\n<\/div><\/div>\n<\/div>\n\n\n\n<div class=\"wp-block-columns is-layout-flex wp-container-core-columns-is-layout-9d6595d7 wp-block-columns-is-layout-flex\">\n<div class=\"wp-block-column is-layout-flow wp-block-column-is-layout-flow\"><div class=\"wp-block-image\">\n<figure class=\"alignleft size-large is-resized\"><img loading=\"lazy\" decoding=\"async\" width=\"1024\" height=\"1024\" src=\"http:\/\/otwartespoleczenstwo.org.pl\/wp-content\/uploads\/2024\/08\/Projekt-bez-nazwy-1024x1024.png\" alt=\"\" class=\"wp-image-286\" style=\"width:405px;height:auto\" srcset=\"http:\/\/otwartespoleczenstwo.org.pl\/wp-content\/uploads\/2024\/08\/Projekt-bez-nazwy-1024x1024.png 1024w, http:\/\/otwartespoleczenstwo.org.pl\/wp-content\/uploads\/2024\/08\/Projekt-bez-nazwy-300x300.png 300w, http:\/\/otwartespoleczenstwo.org.pl\/wp-content\/uploads\/2024\/08\/Projekt-bez-nazwy-150x150.png 150w, http:\/\/otwartespoleczenstwo.org.pl\/wp-content\/uploads\/2024\/08\/Projekt-bez-nazwy-768x768.png 768w, http:\/\/otwartespoleczenstwo.org.pl\/wp-content\/uploads\/2024\/08\/Projekt-bez-nazwy-500x500.png 500w, http:\/\/otwartespoleczenstwo.org.pl\/wp-content\/uploads\/2024\/08\/Projekt-bez-nazwy.png 1080w\" sizes=\"auto, (max-width: 1024px) 100vw, 1024px\" \/><\/figure>\n<\/div><\/div>\n\n\n\n<div class=\"wp-block-column is-layout-flow wp-block-column-is-layout-flow\">\n<p class=\"has-text-align-left\" style=\"font-size:16px\">Nasze zaj\u0119cia s\u0105 prowadzone przez do\u015bwiadczonych instruktor\u00f3w, kt\u00f3rzy z pasj\u0105 dziel\u0105 si\u0119 swoj\u0105 wiedz\u0105 i do\u015bwiadczeniem, zapewniaj\u0105c bezpieczne i edukacyjne \u015brodowisko. Ka\u017cdy z uczestnik\u00f3w wr\u00f3ci do domu nie tylko z nowymi umiej\u0119tno\u015bciami, ale tak\u017ce z niezapomnianymi wspomnieniami i poczuciem osi\u0105gni\u0119cia czego\u015b wyj\u0105tkowego.<\/p>\n\n\n\n<p style=\"font-size:16px\">Do\u0142\u0105cz do nas na tej przygodzie, poznaj swoje granice i odkryj now\u0105 pasj\u0119 na \u0142onie natury!<\/p>\n<\/div>\n<\/div>\n","protected":false},"excerpt":{"rendered":"<p>Podczas d\u0142u\u017cszych wypad\u00f3w uczestnicy maj\u0105 okazj\u0119 do\u015bwiadczy\u0107 wielu nowych bod\u017ac\u00f3w, od zapachu lasu po d\u017awi\u0119ki natury, ucz\u0105c si\u0119 przy tym podstawowych technik survivalowych, takich jak rozpalanie ognia, budowanie schronie\u0144, orientacja w terenie i zdobywanie po\u017cywienia. Te wyzwania nie tylko rozwijaj\u0105 umiej\u0119tno\u015bci praktyczne, ale tak\u017ce wzmacniaj\u0105 ducha zespo\u0142u i ucz\u0105 wsp\u00f3\u0142pracy oraz radzenia sobie w trudnych [&hellip;]<\/p>\n","protected":false},"author":1,"featured_media":0,"parent":0,"menu_order":0,"comment_status":"closed","ping_status":"closed","template":"","meta":{"footnotes":""},"class_list":["post-118","page","type-page","status-publish","hentry"],"_links":{"self":[{"href":"http:\/\/otwartespoleczenstwo.org.pl\/index.php?rest_route=\/wp\/v2\/pages\/118","targetHints":{"allow":["GET"]}}],"collection":[{"href":"http:\/\/otwartespoleczenstwo.org.pl\/index.php?rest_route=\/wp\/v2\/pages"}],"about":[{"href":"http:\/\/otwartespoleczenstwo.org.pl\/index.php?rest_route=\/wp\/v2\/types\/page"}],"author":[{"embeddable":true,"href":"http:\/\/otwartespoleczenstwo.org.pl\/index.php?rest_route=\/wp\/v2\/users\/1"}],"replies":[{"embeddable":true,"href":"http:\/\/otwartespoleczenstwo.org.pl\/index.php?rest_route=%2Fwp%2Fv2%2Fcomments&post=118"}],"version-history":[{"count":5,"href":"http:\/\/otwartespoleczenstwo.org.pl\/index.php?rest_route=\/wp\/v2\/pages\/118\/revisions"}],"predecessor-version":[{"id":299,"href":"http:\/\/otwartespoleczenstwo.org.pl\/index.php?rest_route=\/wp\/v2\/pages\/118\/revisions\/299"}],"wp:attachment":[{"href":"http:\/\/otwartespoleczenstwo.org.pl\/index.php?rest_route=%2Fwp%2Fv2%2Fmedia&parent=118"}],"curies":[{"name":"wp","href":"https:\/\/api.w.org\/{rel}","templated":true}]}}