{"id":28,"date":"2024-05-26T13:53:49","date_gmt":"2024-05-26T11:53:49","guid":{"rendered":"https:\/\/otwartespoleczenstwo.org.pl\/?page_id=28"},"modified":"2025-05-05T16:44:28","modified_gmt":"2025-05-05T14:44:28","slug":"ruszamy-ku-samodzielnosci-2024","status":"publish","type":"page","link":"http:\/\/otwartespoleczenstwo.org.pl\/?page_id=28","title":{"rendered":"RUSZAMY KU SAMODZIELNO\u015aCI 2025"},"content":{"rendered":"\n<p style=\"font-size:16px\">Okres realizacji projektu &#8211; kwiecie\u0144 2025 &#8211; marzec 2026<\/p>\n\n\n\n<p style=\"font-size:16px\"><\/p>\n\n\n\n<p style=\"font-size:16px\">Celem projektu jest umo\u017cliwienie, poprzez \u015bwiadczenie us\u0142ug asystenckich, samodzielnego \u017cycia 12 osobom niepe\u0142nosprawnym wstopniu znacznym z powiatu olszty\u0144skiego i miasta Olsztyn w okresie maj 2025 &#8211; luty 2026 (10 miesi\u0119cy).<\/p>\n\n\n\n<p style=\"font-size:16px\">W ramach projektu \u015bwiadczone b\u0119d\u0105:<\/p>\n\n\n\n<p style=\"font-size:16px\">&#8211; us\u0142ugi asystenckie dla 12 os\u00f3b niepe\u0142nosprawnych<\/p>\n\n\n\n<p style=\"font-size:16px\">&#8211; wsparcie trenera umiej\u0119tno\u015bci psychospo\u0142ecznych<\/p>\n\n\n\n<p style=\"font-size:16px\">Beneficjentami ostatecznymi projektu b\u0119dzie 12 os\u00f3b niepe\u0142nosprawnych z tytu\u0142u narz\u0105du wzroku i ruchu tylko w stopniu znacznym, kt\u00f3re dodatkowo maj\u0105 d\u0142ugotrwale naruszon\u0105 sprawno\u015b\u0107 fizyczn\u0105, psychiczn\u0105, intelektualn\u0105 lub w zakresie zmys\u0142\u00f3w, co mo\u017ce wraz z r\u00f3\u017cnymi barierami, utrudnia\u0107 im w spos\u00f3b istotny udzia\u0142 w \u017cyciu spo\u0142ecznym, na zasadzie r\u00f3wno\u015bci z innymi osobami. B\u0119d\u0105 to osoby pe\u0142noletnie z powiatu i miasta Olsztyn. Nie przewidujemy udzia\u0142u dzieci i m\u0142odzie\u017cy<\/p>\n\n\n\n<p style=\"font-size:16px\">Zadanie dofinansowane ze \u015brodk\u00f3w Pa\u0144stwowego Funduszu Rehabilitacji Os\u00f3b Niepe\u0142nosprawnych w ramach Konkursu 1\/2024 pn. &#8222;Wspieramy aktywno\u015b\u0107\u201d kierunek pomocy 2: \u201dzwi\u0119kszenie samodzielno\u015bci os\u00f3b niepe\u0142nosprawnych\u201d.<\/p>\n\n\n\n<div class=\"wp-block-columns is-layout-flex wp-container-core-columns-is-layout-9d6595d7 wp-block-columns-is-layout-flex\">\n<div class=\"wp-block-column is-layout-flow wp-block-column-is-layout-flow\">\n<figure class=\"wp-block-image size-full\"><img loading=\"lazy\" decoding=\"async\" width=\"600\" height=\"317\" src=\"http:\/\/otwartespoleczenstwo.org.pl\/wp-content\/uploads\/2024\/08\/PFRON_wersja-podstawowa_RGB.gif\" alt=\"\" class=\"wp-image-161\"\/><\/figure>\n<\/div>\n\n\n\n<div class=\"wp-block-column is-layout-flow wp-block-column-is-layout-flow\">\n<p style=\"font-size:12px\">Projekt: \u201eRuszamy ku samodzielno\u015bci 2025\u201d<\/p>\n\n\n\n<p style=\"font-size:12px\">jest realizowany ze \u015brodk\u00f3w PFRON w ramach Konkursu 1\/2024 pn. \u201dWspieramy aktywno\u015b\u0107\u201d, kierunek pomocy 2: \u201dzwi\u0119kszenie samodzielno\u015bci os\u00f3b niepe\u0142nosprawnych\u201d<\/p>\n\n\n\n<p style=\"font-size:12px\">Typ projektu: \u201eWsparcie realizowane poza plac\u00f3wk\u0105 (w szczeg\u00f3lno\u015bci: szkolenia, kursy, warsztaty, grupowe i indywidualne zaj\u0119cia, us\u0142ugi wspieraj\u0105ce)<\/p>\n<\/div>\n<\/div>\n\n\n\n<div data-wp-interactive=\"core\/file\" class=\"wp-block-file\"><object data-wp-bind--hidden=\"!state.hasPdfPreview\" hidden class=\"wp-block-file__embed\" data=\"https:\/\/otwartespoleczenstwo.org.pl\/wp-content\/uploads\/2025\/04\/plakat__budzet__panstwa__420x297-v-2.pdf\" type=\"application\/pdf\" style=\"width:100%;height:600px\" aria-label=\"Osadzone z plakat__budzet__panstwa__420x297 v 2.\"><\/object><a id=\"wp-block-file--media-f89b37b3-6a34-4996-9dce-d60f1bdada2e\" href=\"https:\/\/otwartespoleczenstwo.org.pl\/wp-content\/uploads\/2025\/04\/plakat__budzet__panstwa__420x297-v-2.pdf\">plakat__budzet__panstwa__420x297 v 2<\/a><a href=\"https:\/\/otwartespoleczenstwo.org.pl\/wp-content\/uploads\/2025\/04\/plakat__budzet__panstwa__420x297-v-2.pdf\" class=\"wp-block-file__button wp-element-button\" download aria-describedby=\"wp-block-file--media-f89b37b3-6a34-4996-9dce-d60f1bdada2e\">Pobierz<\/a><\/div>\n\n\n\n<p><\/p>\n\n\n\n<figure class=\"wp-block-gallery has-nested-images columns-default is-cropped wp-block-gallery-1 is-layout-flex wp-block-gallery-is-layout-flex\">\n<figure class=\"wp-block-image size-large\"><img loading=\"lazy\" decoding=\"async\" width=\"724\" height=\"1024\" data-id=\"345\" src=\"https:\/\/otwartespoleczenstwo.org.pl\/wp-content\/uploads\/2025\/04\/1-2-724x1024.png\" alt=\"\" class=\"wp-image-345\" srcset=\"http:\/\/otwartespoleczenstwo.org.pl\/wp-content\/uploads\/2025\/04\/1-2-724x1024.png 724w, http:\/\/otwartespoleczenstwo.org.pl\/wp-content\/uploads\/2025\/04\/1-2-212x300.png 212w, http:\/\/otwartespoleczenstwo.org.pl\/wp-content\/uploads\/2025\/04\/1-2-768x1086.png 768w, http:\/\/otwartespoleczenstwo.org.pl\/wp-content\/uploads\/2025\/04\/1-2-1086x1536.png 1086w, http:\/\/otwartespoleczenstwo.org.pl\/wp-content\/uploads\/2025\/04\/1-2-1448x2048.png 1448w, http:\/\/otwartespoleczenstwo.org.pl\/wp-content\/uploads\/2025\/04\/1-2.png 1587w\" sizes=\"auto, (max-width: 724px) 100vw, 724px\" \/><\/figure>\n<\/figure>\n\n\n","protected":false},"excerpt":{"rendered":"<p>Okres realizacji projektu &#8211; kwiecie\u0144 2025 &#8211; marzec 2026 Celem projektu jest umo\u017cliwienie, poprzez \u015bwiadczenie us\u0142ug asystenckich, samodzielnego \u017cycia 12 osobom niepe\u0142nosprawnym wstopniu znacznym z powiatu olszty\u0144skiego i miasta Olsztyn w okresie maj 2025 &#8211; luty 2026 (10 miesi\u0119cy). W ramach projektu \u015bwiadczone b\u0119d\u0105: &#8211; us\u0142ugi asystenckie dla 12 os\u00f3b niepe\u0142nosprawnych &#8211; wsparcie trenera umiej\u0119tno\u015bci [&hellip;]<\/p>\n","protected":false},"author":1,"featured_media":0,"parent":361,"menu_order":0,"comment_status":"closed","ping_status":"closed","template":"","meta":{"footnotes":""},"class_list":["post-28","page","type-page","status-publish","hentry"],"_links":{"self":[{"href":"http:\/\/otwartespoleczenstwo.org.pl\/index.php?rest_route=\/wp\/v2\/pages\/28","targetHints":{"allow":["GET"]}}],"collection":[{"href":"http:\/\/otwartespoleczenstwo.org.pl\/index.php?rest_route=\/wp\/v2\/pages"}],"about":[{"href":"http:\/\/otwartespoleczenstwo.org.pl\/index.php?rest_route=\/wp\/v2\/types\/page"}],"author":[{"embeddable":true,"href":"http:\/\/otwartespoleczenstwo.org.pl\/index.php?rest_route=\/wp\/v2\/users\/1"}],"replies":[{"embeddable":true,"href":"http:\/\/otwartespoleczenstwo.org.pl\/index.php?rest_route=%2Fwp%2Fv2%2Fcomments&post=28"}],"version-history":[{"count":8,"href":"http:\/\/otwartespoleczenstwo.org.pl\/index.php?rest_route=\/wp\/v2\/pages\/28\/revisions"}],"predecessor-version":[{"id":349,"href":"http:\/\/otwartespoleczenstwo.org.pl\/index.php?rest_route=\/wp\/v2\/pages\/28\/revisions\/349"}],"up":[{"embeddable":true,"href":"http:\/\/otwartespoleczenstwo.org.pl\/index.php?rest_route=\/wp\/v2\/pages\/361"}],"wp:attachment":[{"href":"http:\/\/otwartespoleczenstwo.org.pl\/index.php?rest_route=%2Fwp%2Fv2%2Fmedia&parent=28"}],"curies":[{"name":"wp","href":"https:\/\/api.w.org\/{rel}","templated":true}]}}