{"id":368,"date":"2025-05-05T16:55:24","date_gmt":"2025-05-05T14:55:24","guid":{"rendered":"https:\/\/otwartespoleczenstwo.org.pl\/?page_id=368"},"modified":"2025-05-05T16:55:25","modified_gmt":"2025-05-05T14:55:25","slug":"ruszamy-ku-samodzielnosci-2024","status":"publish","type":"page","link":"http:\/\/otwartespoleczenstwo.org.pl\/?page_id=368","title":{"rendered":"Ruszamy ku samodzielno\u015bci &#8211; 2024"},"content":{"rendered":"\n<p style=\"font-size:16px\">Okres realizacji projektu &#8211; kwiecie\u0144 2024 &#8211; marzec 2025<\/p>\n\n\n\n<p style=\"font-size:16px\"><\/p>\n\n\n\n<p style=\"font-size:16px\">Celem projektu jest umo\u017cliwienie, poprzez \u015bwiadczenie us\u0142ug asystenckich, samodzielnego \u017cycia 8 osobom niepe\u0142nosprawnym wstopniu znacznym z powiatu olszty\u0144skiego i miasta Olsztyn w okresie maj 2024 &#8211; luty 2025 (10 miesi\u0119cy).<\/p>\n\n\n\n<p style=\"font-size:16px\">W ramach projektu \u015bwiadczone b\u0119d\u0105:<\/p>\n\n\n\n<p style=\"font-size:16px\">&#8211; us\u0142ugi asystenckie dla 8 os\u00f3b niepe\u0142nosprawnych<\/p>\n\n\n\n<p style=\"font-size:16px\">&#8211; wsparcie trenera umiej\u0119tno\u015bci psychospo\u0142ecznych<\/p>\n\n\n\n<p style=\"font-size:16px\">Beneficjentami ostatecznymi projektu b\u0119dzie 8 os\u00f3b niepe\u0142nosprawnych z tytu\u0142u narz\u0105du wzroku i ruchu tylko w stopniu znacznym, kt\u00f3re dodatkowo maj\u0105 d\u0142ugotrwale naruszon\u0105 sprawno\u015b\u0107 fizyczn\u0105, psychiczn\u0105, intelektualn\u0105 lub w zakresie zmys\u0142\u00f3w, co mo\u017ce wraz z r\u00f3\u017cnymi barierami, utrudnia\u0107 im w spos\u00f3b istotny udzia\u0142 w \u017cyciu spo\u0142ecznym, na zasadzie r\u00f3wno\u015bci z innymi osobami. B\u0119d\u0105 to osoby pe\u0142noletnie z powiatu i miasta Olsztyn. Nie przewidujemy udzia\u0142u dzieci i m\u0142odzie\u017cy<\/p>\n\n\n\n<p style=\"font-size:16px\">Zadanie dofinansowane ze \u015brodk\u00f3w Pa\u0144stwowego Funduszu Rehabilitacji Os\u00f3b Niepe\u0142nosprawnych w ramach Konkursu 1\/2023 pn. &#8222;Mo\u017cemy wi\u0119cej\u201d kierunek pomocy 2: \u201dzwi\u0119kszenie samodzielno\u015bci os\u00f3b niepe\u0142nosprawnych\u201d<\/p>\n\n\n\n<figure class=\"wp-block-gallery has-nested-images columns-default is-cropped wp-block-gallery-1 is-layout-flex wp-block-gallery-is-layout-flex\">\n<figure class=\"wp-block-image size-large\"><img loading=\"lazy\" decoding=\"async\" width=\"724\" height=\"1024\" data-id=\"369\" src=\"https:\/\/otwartespoleczenstwo.org.pl\/wp-content\/uploads\/2025\/05\/plakat-2-724x1024.jpg\" alt=\"\" class=\"wp-image-369\" srcset=\"http:\/\/otwartespoleczenstwo.org.pl\/wp-content\/uploads\/2025\/05\/plakat-2-724x1024.jpg 724w, http:\/\/otwartespoleczenstwo.org.pl\/wp-content\/uploads\/2025\/05\/plakat-2-212x300.jpg 212w, http:\/\/otwartespoleczenstwo.org.pl\/wp-content\/uploads\/2025\/05\/plakat-2-768x1086.jpg 768w, http:\/\/otwartespoleczenstwo.org.pl\/wp-content\/uploads\/2025\/05\/plakat-2-1086x1536.jpg 1086w, http:\/\/otwartespoleczenstwo.org.pl\/wp-content\/uploads\/2025\/05\/plakat-2.jpg 1414w\" sizes=\"auto, (max-width: 724px) 100vw, 724px\" \/><\/figure>\n\n\n\n<figure class=\"wp-block-image size-large\"><img loading=\"lazy\" decoding=\"async\" width=\"724\" height=\"1024\" data-id=\"370\" src=\"https:\/\/otwartespoleczenstwo.org.pl\/wp-content\/uploads\/2025\/05\/plakat__budzet__panstwa__420x297-1-724x1024.jpg\" alt=\"\" class=\"wp-image-370\" srcset=\"http:\/\/otwartespoleczenstwo.org.pl\/wp-content\/uploads\/2025\/05\/plakat__budzet__panstwa__420x297-1-724x1024.jpg 724w, http:\/\/otwartespoleczenstwo.org.pl\/wp-content\/uploads\/2025\/05\/plakat__budzet__panstwa__420x297-1-212x300.jpg 212w, http:\/\/otwartespoleczenstwo.org.pl\/wp-content\/uploads\/2025\/05\/plakat__budzet__panstwa__420x297-1-768x1086.jpg 768w, http:\/\/otwartespoleczenstwo.org.pl\/wp-content\/uploads\/2025\/05\/plakat__budzet__panstwa__420x297-1-1086x1536.jpg 1086w, http:\/\/otwartespoleczenstwo.org.pl\/wp-content\/uploads\/2025\/05\/plakat__budzet__panstwa__420x297-1-1448x2048.jpg 1448w, http:\/\/otwartespoleczenstwo.org.pl\/wp-content\/uploads\/2025\/05\/plakat__budzet__panstwa__420x297-1-scaled.jpg 1810w\" sizes=\"auto, (max-width: 724px) 100vw, 724px\" \/><\/figure>\n\n\n\n<figure class=\"wp-block-image size-large\"><img loading=\"lazy\" decoding=\"async\" width=\"724\" height=\"1024\" data-id=\"371\" src=\"https:\/\/otwartespoleczenstwo.org.pl\/wp-content\/uploads\/2025\/05\/plakat-1-724x1024.jpg\" alt=\"\" class=\"wp-image-371\" srcset=\"http:\/\/otwartespoleczenstwo.org.pl\/wp-content\/uploads\/2025\/05\/plakat-1-724x1024.jpg 724w, http:\/\/otwartespoleczenstwo.org.pl\/wp-content\/uploads\/2025\/05\/plakat-1-212x300.jpg 212w, http:\/\/otwartespoleczenstwo.org.pl\/wp-content\/uploads\/2025\/05\/plakat-1-768x1086.jpg 768w, http:\/\/otwartespoleczenstwo.org.pl\/wp-content\/uploads\/2025\/05\/plakat-1-1086x1536.jpg 1086w, http:\/\/otwartespoleczenstwo.org.pl\/wp-content\/uploads\/2025\/05\/plakat-1.jpg 1414w\" sizes=\"auto, (max-width: 724px) 100vw, 724px\" \/><\/figure>\n<\/figure>\n","protected":false},"excerpt":{"rendered":"<p>Okres realizacji projektu &#8211; kwiecie\u0144 2024 &#8211; marzec 2025 Celem projektu jest umo\u017cliwienie, poprzez \u015bwiadczenie us\u0142ug asystenckich, samodzielnego \u017cycia 8 osobom niepe\u0142nosprawnym wstopniu znacznym z powiatu olszty\u0144skiego i miasta Olsztyn w okresie maj 2024 &#8211; luty 2025 (10 miesi\u0119cy). W ramach projektu \u015bwiadczone b\u0119d\u0105: &#8211; us\u0142ugi asystenckie dla 8 os\u00f3b niepe\u0142nosprawnych &#8211; wsparcie trenera umiej\u0119tno\u015bci [&hellip;]<\/p>\n","protected":false},"author":1,"featured_media":0,"parent":0,"menu_order":0,"comment_status":"closed","ping_status":"closed","template":"","meta":{"footnotes":""},"class_list":["post-368","page","type-page","status-publish","hentry"],"_links":{"self":[{"href":"http:\/\/otwartespoleczenstwo.org.pl\/index.php?rest_route=\/wp\/v2\/pages\/368","targetHints":{"allow":["GET"]}}],"collection":[{"href":"http:\/\/otwartespoleczenstwo.org.pl\/index.php?rest_route=\/wp\/v2\/pages"}],"about":[{"href":"http:\/\/otwartespoleczenstwo.org.pl\/index.php?rest_route=\/wp\/v2\/types\/page"}],"author":[{"embeddable":true,"href":"http:\/\/otwartespoleczenstwo.org.pl\/index.php?rest_route=\/wp\/v2\/users\/1"}],"replies":[{"embeddable":true,"href":"http:\/\/otwartespoleczenstwo.org.pl\/index.php?rest_route=%2Fwp%2Fv2%2Fcomments&post=368"}],"version-history":[{"count":1,"href":"http:\/\/otwartespoleczenstwo.org.pl\/index.php?rest_route=\/wp\/v2\/pages\/368\/revisions"}],"predecessor-version":[{"id":372,"href":"http:\/\/otwartespoleczenstwo.org.pl\/index.php?rest_route=\/wp\/v2\/pages\/368\/revisions\/372"}],"wp:attachment":[{"href":"http:\/\/otwartespoleczenstwo.org.pl\/index.php?rest_route=%2Fwp%2Fv2%2Fmedia&parent=368"}],"curies":[{"name":"wp","href":"https:\/\/api.w.org\/{rel}","templated":true}]}}