{"id":374,"date":"2025-05-05T17:00:28","date_gmt":"2025-05-05T15:00:28","guid":{"rendered":"https:\/\/otwartespoleczenstwo.org.pl\/?page_id=374"},"modified":"2025-05-29T14:31:49","modified_gmt":"2025-05-29T12:31:49","slug":"kompetencje-dla-wsparcia-szkolenia-dla-osob-z-otoczenia-osob-z-niepelnosprawnosciami","status":"publish","type":"page","link":"http:\/\/otwartespoleczenstwo.org.pl\/?page_id=374","title":{"rendered":"Kompetencje dla wsparcia \u2013 szkolenia dla os\u00f3b z otoczenia os\u00f3b z niepe\u0142nosprawno\u015bciami"},"content":{"rendered":"\n<p><strong>Zapraszamy do udzia\u0142u w projekcie pn. \u201eKompetencje dla wsparcia \u2013 szkolenia dla os\u00f3b z &nbsp;otoczenia os\u00f3b niepe\u0142nosprawnych\u201d dofinansowanym z funduszy PFRON<\/strong><\/p>\n\n\n\n<p>Do udzia\u0142u w szkoleniach zapraszamy:<\/p>\n\n\n\n<p>cz\u0142onk\u00f3w rodzin, opiekun\u00f3w prawnych os\u00f3b niepe\u0142nosprawnych oraz kadr\u0119 i wolontariuszy bezpo\u015brednio zaanga\u017cowanych w proces rehabilitacji zawodowej lub spo\u0142ecznej os\u00f3b niepe\u0142nosprawnych.<\/p>\n\n\n\n<p><br>Szkolenia skierowane s\u0105 do os\u00f3b z nast\u0119puj\u0105cych wojew\u00f3dztw:<\/p>\n\n\n\n<ul class=\"wp-block-list\">\n<li>pomorskiego<\/li>\n\n\n\n<li>warmi\u0144sko-mazurskiego<\/li>\n\n\n\n<li>mazowieckiego<\/li>\n\n\n\n<li>podlaskiego<\/li>\n<\/ul>\n\n\n\n<p><strong>W ramach projektu odb\u0119d\u0105 si\u0119 nast\u0119puj\u0105ce szkolenia:<\/strong><\/p>\n\n\n\n<figure class=\"wp-block-table\"><table class=\"has-fixed-layout\"><tbody><tr><td>Data<\/td><td>Miejsce<\/td><td>Temat<\/td><\/tr><tr><td>13-15.06.2025<\/td><td>Hotel Star-Dadaj Resort &amp; SPA, Dadaj, k. Ramsowa, 11-010 Barczewo<\/td><td>1.Seksualno\u015b\u0107 os\u00f3b z niepe\u0142nosprawno\u015bciami <br>2. Trening zast\u0119powania agresji.<\/td><\/tr><tr><td>7-9.07.2025<\/td><td>Folwark Tumiany Pokoje &amp; Restauracja, Tumiany 7, 11-010 Tumiany<\/td><td>1. Wprowadzenie do wybranych metod terapeutycznych<\/td><\/tr><tr><td>14-16.07.2025<\/td><td>Folwark Tumiany Pokoje &amp; Restauracja, Tumiany 7, 11-010 Tumiany<\/td><td>1. Wprowadzenie do wybranych metod terapeutycznych<\/td><\/tr><tr><td>22-24.07.2025<\/td><td>Folwark Tumiany Pokoje &amp; Restauracja, Tumiany 7, 11-010 Tumiany<\/td><td>1. Wypalenie zawodowe <br>2. Reagowanie na zachowania trudne\/agresywne u dzieci w perspektywie prawnej oraz Seksualno\u015b\u0107 os\u00f3b niepe\u0142nosprawnych<\/td><\/tr><tr><td>5-7.09.2025<\/td><td>Hotel Star-Dadaj Resort &amp; SPA, Dadaj, k. Ramsowa, 11-010 Barczewo<\/td><td>1. Komunikacja interpersonalna 2. Reagowanie na zachowania trudne\/agresywne u dzieci w perspektywie prawnej oraz Trening umiej\u0119tno\u015bci spo\u0142ecznych<\/td><\/tr><tr><td>12-14.09.2025<\/td><td>Folwark Tumiany Pokoje &amp; Restauracja, Tumiany 7, 11-010 Tumiany<\/td><td>1. Wypalenie zawodowe 2.Pierwsza pomoc przedmedyczna oraz Reagowanie na zachowania trudne\/agresywne u dzieci w perspektywie prawnej<\/td><\/tr><tr><td>3-5.10.2025<\/td><td>Folwark Tumiany Pokoje &amp; Restauracja, Tumiany 7, 11-010 Tumiany<\/td><td>1. Seksualno\u015b\u0107 os\u00f3b z niepe\u0142nosprawno\u015bciami 2. Trening zast\u0119powania agresji.<\/td><\/tr><tr><td>24-26.10.2025<\/td><td>Hotel Star-Dadaj Resort &amp; SPA, Dadaj, k. Ramsowa, 11-010 Barczewo<\/td><td>1. Trening umiej\u0119tno\u015bci spo\u0142ecznych 2. Wypalenie zawodowe<\/td><\/tr><tr><td>7-9.11.2025<\/td><td>Hotel Star-Dadaj Resort &amp; SPA, Dadaj, k. Ramsowa, 11-010 Barczewo<\/td><td>1. Wypalenie zawodowe 2. Trening umiej\u0119tno\u015bci Spo\u0142ecznych<\/td><\/tr><\/tbody><\/table><\/figure>\n\n\n\n<p><\/p>\n\n\n\n<p>Liczba miejsc ograniczona. Decyduje kolejno\u015b\u0107 zg\u0142osze\u0144.<\/p>\n\n\n\n<p>Ka\u017cdy mo\u017ce uczestniczy\u0107 w tylko jednym szkoleniu.<\/p>\n\n\n\n<p>Zapewniamy noclegi, przerwy kawowe oraz wy\u017cywienie.<\/p>\n\n\n\n<p>Koszt to 95 z\u0142 za osob\u0119 na 1 szkolenie- wpisowe na pokrycie koszt\u00f3w organizacyjnych szkolenia.<\/p>\n\n\n\n<p><strong>Aby zapisa\u0107 si\u0119 na szkolenie nale\u017cy:<\/strong><\/p>\n\n\n\n<p>Przes\u0142a\u0107 na adres <strong>Fundacja Otwartego Spo\u0142ecze\u0144stwa, ul. 1 Maja 13, lokal 506, &nbsp;10-118 Olsztyn<\/strong> nast\u0119puj\u0105ce za\u0142\u0105czniki:<\/p>\n\n\n\n<ul class=\"wp-block-list\">\n<li>Wype\u0142niona i podpisana karta zg\u0142oszeniowa i o\u015bwiadczenie RODO,<\/li>\n\n\n\n<li>Orzeczenie o niepe\u0142nosprawno\u015bci podopiecznego (dotyczy cz\u0142onk\u00f3w rodzin oraz opiekun\u00f3w prawnych os\u00f3b niepe\u0142nosprawnych),<\/li>\n\n\n\n<li>Za\u015bwiadczenie o zatrudnieniu z dat\u0105 wystawienia nie starsz\u0105 ni\u017c 3 miesi\u0105ce od daty zg\u0142oszenia (dotyczy pracownik\u00f3w oraz wolontariuszy organizacji zajmuj\u0105cych si\u0119 osobami z niepe\u0142nosprawno\u015bci\u0105)<\/li>\n\n\n\n<li>Potwierdzenie wp\u0142aty wpisowego.<\/li>\n<\/ul>\n\n\n\n<div class=\"wp-block-file\"><a id=\"wp-block-file--media-c0239d23-922a-4398-8d16-8d3c2ebc1ef8\" href=\"https:\/\/otwartespoleczenstwo.org.pl\/wp-content\/uploads\/2025\/05\/Karta-zgloszeniowa-uczestnika.docx\">Karta zg\u0142oszeniowa uczestnika<\/a><a href=\"https:\/\/otwartespoleczenstwo.org.pl\/wp-content\/uploads\/2025\/05\/Karta-zgloszeniowa-uczestnika.docx\" class=\"wp-block-file__button wp-element-button\" download aria-describedby=\"wp-block-file--media-c0239d23-922a-4398-8d16-8d3c2ebc1ef8\">Pobierz<\/a><\/div>\n\n\n\n<div class=\"wp-block-file\"><a id=\"wp-block-file--media-2866a912-11db-42a3-91a9-d12b8022d6cc\" href=\"https:\/\/otwartespoleczenstwo.org.pl\/wp-content\/uploads\/2025\/05\/wzor-Informacje-o-przetwarzaniu-danych-osobowych-w-ramach-projektu2025.docx\">wz\u00f3r Informacje-o-przetwarzaniu-danych-osobowych-w-ramach-projektu2025<\/a><a href=\"https:\/\/otwartespoleczenstwo.org.pl\/wp-content\/uploads\/2025\/05\/wzor-Informacje-o-przetwarzaniu-danych-osobowych-w-ramach-projektu2025.docx\" class=\"wp-block-file__button wp-element-button\" download aria-describedby=\"wp-block-file--media-2866a912-11db-42a3-91a9-d12b8022d6cc\">Pobierz<\/a><\/div>\n\n\n\n<div class=\"wp-block-file\"><a id=\"wp-block-file--media-a27e6216-8f7a-484e-a58e-a4c30ffb20d6\" href=\"https:\/\/otwartespoleczenstwo.org.pl\/wp-content\/uploads\/2025\/05\/ZASWIADCZENIE.doc\">ZA\u015aWIADCZENIE<\/a><a href=\"https:\/\/otwartespoleczenstwo.org.pl\/wp-content\/uploads\/2025\/05\/ZASWIADCZENIE.doc\" class=\"wp-block-file__button wp-element-button\" download aria-describedby=\"wp-block-file--media-a27e6216-8f7a-484e-a58e-a4c30ffb20d6\">Pobierz<\/a><\/div>\n\n\n\n<p>Zg\u0142oszenia mo\u017cna dokona\u0107 r\u00f3wnie\u017c osobi\u015bcie pod ww. adresem, pok. 506.<\/p>\n\n\n\n<p>Wp\u0142aty wpisowego prosz\u0119 dokonywa\u0107 na wskazany numer konta:<\/p>\n\n\n\n<p>31 1090 2590 0000 0001 5937 9945<\/p>\n\n\n\n<p>Santander Bank Polska S.A.<\/p>\n\n\n\n<p>Tytu\u0142 przelewu: Imi\u0119 i Nazwisko, nazwa wybranego szkolenia oraz data<\/p>\n\n\n\n<p><strong>Szczeg\u00f3\u0142y rekrutacji, organizacji szkole\u0144 znajd\u0105 Pa\u0144stwo w poni\u017cszym regulaminie.<\/strong><\/p>\n\n\n\n<div class=\"wp-block-file\"><a id=\"wp-block-file--media-4a4d6334-20c2-41c1-b063-85d4ecee45d7\" href=\"https:\/\/otwartespoleczenstwo.org.pl\/wp-content\/uploads\/2025\/05\/Regulamin-uczestnictwa.docx\">Regulamin uczestnictwa<\/a><a href=\"https:\/\/otwartespoleczenstwo.org.pl\/wp-content\/uploads\/2025\/05\/Regulamin-uczestnictwa.docx\" class=\"wp-block-file__button wp-element-button\" download aria-describedby=\"wp-block-file--media-4a4d6334-20c2-41c1-b063-85d4ecee45d7\">Pobierz<\/a><\/div>\n\n\n\n<p><strong>Informacje w sprawie projektu:<\/strong><strong><\/strong><\/p>\n\n\n\n<p>e-mail: <a href=\"mailto:otwartespoleczenstwo@gmail.com\">otwartespoleczenstwo@gmail.com<\/a><br>tel. &nbsp;<a>533&nbsp;424&nbsp;037<\/a><\/p>\n\n\n\n<p><\/p>\n\n\n\n<p><br>&nbsp;&nbsp;&nbsp;&nbsp;&nbsp;&nbsp;&nbsp;&nbsp;&nbsp; Pa\u0144stwowego Funduszu&nbsp; Rehabilitacji Os\u00f3b Niepe\u0142nosprawnych<\/p>\n\n\n\n<div data-wp-interactive=\"core\/file\" class=\"wp-block-file\"><object data-wp-bind--hidden=\"!state.hasPdfPreview\" hidden class=\"wp-block-file__embed\" data=\"https:\/\/otwartespoleczenstwo.org.pl\/wp-content\/uploads\/2025\/05\/plakat__budzet__panstwa__420x297-2.pdf\" type=\"application\/pdf\" style=\"width:100%;height:600px\" aria-label=\"Osadzone z plakat__budzet__panstwa__420x297.\"><\/object><a id=\"wp-block-file--media-99d2142a-ccfc-4392-aa2d-36b75565904b\" href=\"https:\/\/otwartespoleczenstwo.org.pl\/wp-content\/uploads\/2025\/05\/plakat__budzet__panstwa__420x297-2.pdf\">plakat__budzet__panstwa__420x297<\/a><a href=\"https:\/\/otwartespoleczenstwo.org.pl\/wp-content\/uploads\/2025\/05\/plakat__budzet__panstwa__420x297-2.pdf\" class=\"wp-block-file__button wp-element-button\" download aria-describedby=\"wp-block-file--media-99d2142a-ccfc-4392-aa2d-36b75565904b\">Pobierz<\/a><\/div>\n","protected":false},"excerpt":{"rendered":"<p>Zapraszamy do udzia\u0142u w projekcie pn. \u201eKompetencje dla wsparcia \u2013 szkolenia dla os\u00f3b z &nbsp;otoczenia os\u00f3b niepe\u0142nosprawnych\u201d dofinansowanym z funduszy PFRON Do udzia\u0142u w szkoleniach zapraszamy: cz\u0142onk\u00f3w rodzin, opiekun\u00f3w prawnych os\u00f3b niepe\u0142nosprawnych oraz kadr\u0119 i wolontariuszy bezpo\u015brednio zaanga\u017cowanych w proces rehabilitacji zawodowej lub spo\u0142ecznej os\u00f3b niepe\u0142nosprawnych. Szkolenia skierowane s\u0105 do os\u00f3b z nast\u0119puj\u0105cych wojew\u00f3dztw: W [&hellip;]<\/p>\n","protected":false},"author":1,"featured_media":0,"parent":0,"menu_order":0,"comment_status":"closed","ping_status":"closed","template":"","meta":{"footnotes":""},"class_list":["post-374","page","type-page","status-publish","hentry"],"_links":{"self":[{"href":"http:\/\/otwartespoleczenstwo.org.pl\/index.php?rest_route=\/wp\/v2\/pages\/374","targetHints":{"allow":["GET"]}}],"collection":[{"href":"http:\/\/otwartespoleczenstwo.org.pl\/index.php?rest_route=\/wp\/v2\/pages"}],"about":[{"href":"http:\/\/otwartespoleczenstwo.org.pl\/index.php?rest_route=\/wp\/v2\/types\/page"}],"author":[{"embeddable":true,"href":"http:\/\/otwartespoleczenstwo.org.pl\/index.php?rest_route=\/wp\/v2\/users\/1"}],"replies":[{"embeddable":true,"href":"http:\/\/otwartespoleczenstwo.org.pl\/index.php?rest_route=%2Fwp%2Fv2%2Fcomments&post=374"}],"version-history":[{"count":7,"href":"http:\/\/otwartespoleczenstwo.org.pl\/index.php?rest_route=\/wp\/v2\/pages\/374\/revisions"}],"predecessor-version":[{"id":411,"href":"http:\/\/otwartespoleczenstwo.org.pl\/index.php?rest_route=\/wp\/v2\/pages\/374\/revisions\/411"}],"wp:attachment":[{"href":"http:\/\/otwartespoleczenstwo.org.pl\/index.php?rest_route=%2Fwp%2Fv2%2Fmedia&parent=374"}],"curies":[{"name":"wp","href":"https:\/\/api.w.org\/{rel}","templated":true}]}}