{"id":38,"date":"2024-05-26T14:03:29","date_gmt":"2024-05-26T12:03:29","guid":{"rendered":"https:\/\/otwartespoleczenstwo.org.pl\/?page_id=38"},"modified":"2024-10-09T19:21:14","modified_gmt":"2024-10-09T17:21:14","slug":"strefa-aktywnosci","status":"publish","type":"page","link":"http:\/\/otwartespoleczenstwo.org.pl\/?page_id=38","title":{"rendered":"STREFA AKTYWNO\u015aCI"},"content":{"rendered":"\n<p style=\"font-size:16px\">W ramach projektu \u015bwiadczone s\u0105 us\u0142ugi:<\/p>\n\n\n\n<p style=\"font-size:16px\">&#8211; doradztwo zawodowe<\/p>\n\n\n\n<p style=\"font-size:16px\">&#8211; po\u015brednictwo pracy<\/p>\n\n\n\n<p style=\"font-size:16px\">&#8211; wsparcie trenera umiej\u0119tno\u015bci psychospo\u0142ecznych<\/p>\n\n\n\n<p style=\"font-size:16px\">&#8211; kursy podnosz\u0105ce kompetencje\/kwalifikacje zawodowe<\/p>\n\n\n\n<p style=\"font-size:16px\">&#8211;&nbsp; sta\u017ce w wysoko\u015bci 120% zasi\u0142ku dla os\u00f3b bezrobotnych<\/p>\n\n\n\n<p style=\"font-size:16px\">Uczestnikami w projekcie mog\u0105 by\u0107 osoby niepe\u0142nosprawne niepracuj\u0105ce w wieku aktywno\u015bci zawodowej zamieszka\u0142e na terenie Olsztyna i powiatu olszty\u0144skiego.<\/p>\n\n\n\n<p style=\"font-size:16px\">Zg\u0142oszenia przyjmujemy pod adresem:<\/p>\n\n\n\n<p style=\"font-size:16px\">e-mail: <a href=\"mailto:otwartespoleczenstwo@gmail.com\">otwartespoleczenstwo@gmail.com<\/a><\/p>\n\n\n\n<p style=\"font-size:16px\">biuro projektu: ul. T. Szewczenki 5\/4, 10-274 Olsztyn<\/p>\n\n\n\n<p style=\"font-size:16px\">tel. 535&nbsp;446&nbsp;004<\/p>\n\n\n\n<p style=\"font-size:16px\"><strong>Dokumenty zg\u0142oszeniowe:<\/strong><\/p>\n\n\n\n<div class=\"wp-block-group is-vertical is-layout-flex wp-container-core-group-is-layout-8cf370e7 wp-block-group-is-layout-flex\">\n<div class=\"wp-block-file wp-container-content-f2708022\"><a id=\"wp-block-file--media-06eddc18-b2a3-4af6-b069-f68f6170691e\" href=\"http:\/\/otwartespoleczenstwo.org.pl\/wp-content\/uploads\/2024\/08\/ie.doc\">Karta zg\u0142oszeniowa<\/a><\/div>\n\n\n\n<div class=\"wp-block-file wp-container-content-f2708022\"><a id=\"wp-block-file--media-d1ab6630-c45a-4e60-8382-a649c9fd78d9\" href=\"http:\/\/otwartespoleczenstwo.org.pl\/wp-content\/uploads\/2024\/08\/Regulamin-projektu.doc\">Regulamin projektu<\/a><\/div>\n\n\n\n<div class=\"wp-block-file wp-container-content-f2708022\"><a id=\"wp-block-file--media-6087da9f-321c-43d0-a568-fba0caeddf5d\" href=\"http:\/\/otwartespoleczenstwo.org.pl\/wp-content\/uploads\/2024\/08\/oswiadczenie_RODO.doc\">O\u015bwiadczenie_RODO<\/a><\/div>\n\n\n\n<div class=\"wp-block-file wp-container-content-f2708022\"><a id=\"wp-block-file--media-83fb8f4a-cd53-4480-a49a-e0a447a53104\" href=\"http:\/\/otwartespoleczenstwo.org.pl\/wp-content\/uploads\/2024\/08\/oswiadczenie.doc\">O\u015bwiadczenie o zapoznaniu si\u0119 z regulaminem<\/a><\/div>\n\n\n\n<div class=\"wp-block-file wp-container-content-f2708022\"><a id=\"wp-block-file--media-717e9803-edec-4596-87a0-9b0139869e30\" href=\"http:\/\/otwartespoleczenstwo.org.pl\/wp-content\/uploads\/2024\/08\/deklaracja.doc\">Deklaracja uczestnictwa<\/a><\/div>\n<\/div>\n\n\n\n<p style=\"font-size:16px\">Zadanie dofinansowane ze \u015brodk\u00f3w Pa\u0144stwowego Funduszu Rehabilitacji Os\u00f3b Niepe\u0142nosprawnych w ramach Konkursu 1\/2023 pn.\u201dMo\u017cemy wi\u0119cej\u201d, kierunek pomocy 1: wej\u015bcie os\u00f3b niepe\u0142nosprawnych na rynek pracy, typ projektu 2: Wej\u015bcie os\u00f3b niepe\u0142nosprawnych na rynek pracy bez wykorzystania metody zatrudnienia wspomaganego.<\/p>\n\n\n\n<p><\/p>\n\n\n\n<p><\/p>\n\n\n\n<div class=\"wp-block-columns is-layout-flex wp-container-core-columns-is-layout-9d6595d7 wp-block-columns-is-layout-flex\">\n<div class=\"wp-block-column is-layout-flow wp-block-column-is-layout-flow\">\n<figure class=\"wp-block-image size-full is-resized\"><img loading=\"lazy\" decoding=\"async\" width=\"600\" height=\"317\" src=\"http:\/\/otwartespoleczenstwo.org.pl\/wp-content\/uploads\/2024\/08\/PFRON_wersja-podstawowa_RGB.gif\" alt=\"\" class=\"wp-image-161\" style=\"width:460px;height:auto\"\/><\/figure>\n<\/div>\n\n\n\n<div class=\"wp-block-column is-layout-flow wp-block-column-is-layout-flow\">\n<p><\/p>\n\n\n\n<p class=\"has-text-align-left\" style=\"font-size:12px\">Projekt: \u201eStrefa aktywno\u015bci \u201d<\/p>\n\n\n\n<p class=\"has-text-align-left\" style=\"font-size:12px\"> <em>jest realizowany ze \u015brodk\u00f3w PFRON w ramach Konkursu 1\/2023 pn.\u201dMo\u017cemy wi\u0119cej\u201d, kierunek pomocy 1: \u201dwej\u015bcie os\u00f3b niepe\u0142nosprawnych na rynek pracy\u201d<\/em><\/p>\n<\/div>\n<\/div>\n\n\n\n<figure class=\"wp-block-gallery has-nested-images columns-default is-cropped wp-block-gallery-1 is-layout-flex wp-block-gallery-is-layout-flex\">\n<figure class=\"wp-block-image size-large\"><img loading=\"lazy\" decoding=\"async\" width=\"724\" height=\"1024\" data-id=\"305\" src=\"https:\/\/otwartespoleczenstwo.org.pl\/wp-content\/uploads\/2024\/10\/strefa-aktywnosci-1-724x1024.png\" alt=\"\" class=\"wp-image-305\" srcset=\"http:\/\/otwartespoleczenstwo.org.pl\/wp-content\/uploads\/2024\/10\/strefa-aktywnosci-1-724x1024.png 724w, http:\/\/otwartespoleczenstwo.org.pl\/wp-content\/uploads\/2024\/10\/strefa-aktywnosci-1-212x300.png 212w, http:\/\/otwartespoleczenstwo.org.pl\/wp-content\/uploads\/2024\/10\/strefa-aktywnosci-1-768x1086.png 768w, http:\/\/otwartespoleczenstwo.org.pl\/wp-content\/uploads\/2024\/10\/strefa-aktywnosci-1-1086x1536.png 1086w, http:\/\/otwartespoleczenstwo.org.pl\/wp-content\/uploads\/2024\/10\/strefa-aktywnosci-1.png 1414w\" sizes=\"auto, (max-width: 724px) 100vw, 724px\" \/><\/figure>\n\n\n\n<figure class=\"wp-block-image size-large\"><img loading=\"lazy\" decoding=\"async\" width=\"724\" height=\"1024\" data-id=\"304\" src=\"https:\/\/otwartespoleczenstwo.org.pl\/wp-content\/uploads\/2024\/10\/strefa-aktywnosci-2-v2-724x1024.png\" alt=\"\" class=\"wp-image-304\" srcset=\"http:\/\/otwartespoleczenstwo.org.pl\/wp-content\/uploads\/2024\/10\/strefa-aktywnosci-2-v2-724x1024.png 724w, http:\/\/otwartespoleczenstwo.org.pl\/wp-content\/uploads\/2024\/10\/strefa-aktywnosci-2-v2-212x300.png 212w, http:\/\/otwartespoleczenstwo.org.pl\/wp-content\/uploads\/2024\/10\/strefa-aktywnosci-2-v2-768x1086.png 768w, http:\/\/otwartespoleczenstwo.org.pl\/wp-content\/uploads\/2024\/10\/strefa-aktywnosci-2-v2-1086x1536.png 1086w, http:\/\/otwartespoleczenstwo.org.pl\/wp-content\/uploads\/2024\/10\/strefa-aktywnosci-2-v2.png 1414w\" sizes=\"auto, (max-width: 724px) 100vw, 724px\" \/><\/figure>\n<\/figure>\n\n\n\n<figure class=\"wp-block-image size-large is-resized\"><img loading=\"lazy\" decoding=\"async\" width=\"724\" height=\"1024\" src=\"https:\/\/otwartespoleczenstwo.org.pl\/wp-content\/uploads\/2024\/10\/plakat__budzet__panstwa-1-724x1024.jpg\" alt=\"\" class=\"wp-image-308\" style=\"width:608px;height:auto\" srcset=\"http:\/\/otwartespoleczenstwo.org.pl\/wp-content\/uploads\/2024\/10\/plakat__budzet__panstwa-1-724x1024.jpg 724w, http:\/\/otwartespoleczenstwo.org.pl\/wp-content\/uploads\/2024\/10\/plakat__budzet__panstwa-1-212x300.jpg 212w, http:\/\/otwartespoleczenstwo.org.pl\/wp-content\/uploads\/2024\/10\/plakat__budzet__panstwa-1-768x1086.jpg 768w, http:\/\/otwartespoleczenstwo.org.pl\/wp-content\/uploads\/2024\/10\/plakat__budzet__panstwa-1-1086x1536.jpg 1086w, http:\/\/otwartespoleczenstwo.org.pl\/wp-content\/uploads\/2024\/10\/plakat__budzet__panstwa-1-1448x2048.jpg 1448w, http:\/\/otwartespoleczenstwo.org.pl\/wp-content\/uploads\/2024\/10\/plakat__budzet__panstwa-1-scaled.jpg 1810w\" sizes=\"auto, (max-width: 724px) 100vw, 724px\" \/><\/figure>\n","protected":false},"excerpt":{"rendered":"<p>W ramach projektu \u015bwiadczone s\u0105 us\u0142ugi: &#8211; doradztwo zawodowe &#8211; po\u015brednictwo pracy &#8211; wsparcie trenera umiej\u0119tno\u015bci psychospo\u0142ecznych &#8211; kursy podnosz\u0105ce kompetencje\/kwalifikacje zawodowe &#8211;&nbsp; sta\u017ce w wysoko\u015bci 120% zasi\u0142ku dla os\u00f3b bezrobotnych Uczestnikami w projekcie mog\u0105 by\u0107 osoby niepe\u0142nosprawne niepracuj\u0105ce w wieku aktywno\u015bci zawodowej zamieszka\u0142e na terenie Olsztyna i powiatu olszty\u0144skiego. Zg\u0142oszenia przyjmujemy pod adresem: e-mail: [&hellip;]<\/p>\n","protected":false},"author":1,"featured_media":0,"parent":0,"menu_order":0,"comment_status":"closed","ping_status":"closed","template":"","meta":{"footnotes":""},"class_list":["post-38","page","type-page","status-publish","hentry"],"_links":{"self":[{"href":"http:\/\/otwartespoleczenstwo.org.pl\/index.php?rest_route=\/wp\/v2\/pages\/38","targetHints":{"allow":["GET"]}}],"collection":[{"href":"http:\/\/otwartespoleczenstwo.org.pl\/index.php?rest_route=\/wp\/v2\/pages"}],"about":[{"href":"http:\/\/otwartespoleczenstwo.org.pl\/index.php?rest_route=\/wp\/v2\/types\/page"}],"author":[{"embeddable":true,"href":"http:\/\/otwartespoleczenstwo.org.pl\/index.php?rest_route=\/wp\/v2\/users\/1"}],"replies":[{"embeddable":true,"href":"http:\/\/otwartespoleczenstwo.org.pl\/index.php?rest_route=%2Fwp%2Fv2%2Fcomments&post=38"}],"version-history":[{"count":16,"href":"http:\/\/otwartespoleczenstwo.org.pl\/index.php?rest_route=\/wp\/v2\/pages\/38\/revisions"}],"predecessor-version":[{"id":309,"href":"http:\/\/otwartespoleczenstwo.org.pl\/index.php?rest_route=\/wp\/v2\/pages\/38\/revisions\/309"}],"wp:attachment":[{"href":"http:\/\/otwartespoleczenstwo.org.pl\/index.php?rest_route=%2Fwp%2Fv2%2Fmedia&parent=38"}],"curies":[{"name":"wp","href":"https:\/\/api.w.org\/{rel}","templated":true}]}}