{"id":415,"date":"2025-11-20T08:51:41","date_gmt":"2025-11-20T07:51:41","guid":{"rendered":"https:\/\/otwartespoleczenstwo.org.pl\/?page_id=415"},"modified":"2025-11-20T08:51:42","modified_gmt":"2025-11-20T07:51:42","slug":"podniesienie-kompetencji-cyfrowych-osob-w-wieku-60-w-wojewodztwie-warminsko-mazurskim-ii-edycja","status":"publish","type":"page","link":"http:\/\/otwartespoleczenstwo.org.pl\/?page_id=415","title":{"rendered":"Podniesienie kompetencji cyfrowych os\u00f3b w wieku 60+ w wojew\u00f3dztwie warmi\u0144sko-mazurskim &#8211; II edycja"},"content":{"rendered":"\n<p>Projekt zak\u0142ada przeszkolenie 220 os\u00f3b zamieszkuj\u0105cych wojew\u00f3dztwo warmi\u0144sko-mazurskie w wieku 60+ z zakresu umiej\u0119tno\u015bci cyfrowych. Stworzonych zostanie<br>22 grupy po \u015brednio 10 os\u00f3b. Ka\u017cda grupa b\u0119dzie uczestniczy\u0107 w warsztatach cyfrowych w wymiarze 28 godzin lekcyjnych \u2013 7 spotka\u0144 po 4 godziny lekcyjne.<br>Program zaj\u0119\u0107 obejmuje takie zagadnienia jak podstawy obs\u0142ugi edytora tekstu, arkusza kalkulacyjnego, u\u017cytkowanie wyszukiwarek internetowych, korzystanie z<br>us\u0142ug on-line, bezpiecze\u0144stwo w sieci, wykorzystywanie smartfona. Zaj\u0119cia b\u0119d\u0105 odbywa\u0107 si\u0119 w wynaj\u0119tych salach komputerowych, zapewnimy materia\u0142y<br>szkoleniowe, przerwy kawowe.<br>Niniejszy projekt odpowiada na zdiagnozowane potrzeby \u015brodowiska os\u00f3b starszych. W tym celu przeprowadzili\u015bmy seri\u0119 spotka\u0144 w regionie, podczas kt\u00f3rych<br>badali\u015bmy potrzeby os\u00f3b 60+ w zakresie podnoszenia kompetencji cyfrowych.<br>Cel projektu:<br>G\u0142\u00f3wnym celem projektu jest zwi\u0119kszenie aktywno\u015bci i bezpiecze\u0144stwa cyfrowego co najmniej 220 os\u00f3b w wieku 60+, kobiet i m\u0119\u017cczyzn, mieszka\u0144c\u00f3w wojew\u00f3dztwa<br>warmi\u0144sko-mazurskiego, poprzez podniesienie ich kompetencji cyfrowych tj. wiedzy, praktycznych umiej\u0119tno\u015bci, a tak\u017ce kszta\u0142towanie postaw w zakresie<br>bezpiecznego i \u015bwiadomego korzystania z narz\u0119dzi teleinformatycznych s\u0142u\u017c\u0105cych seniorom.<\/p>\n\n\n\n<div data-wp-interactive=\"core\/file\" class=\"wp-block-file\"><object data-wp-bind--hidden=\"!state.hasPdfPreview\" hidden class=\"wp-block-file__embed\" data=\"https:\/\/otwartespoleczenstwo.org.pl\/wp-content\/uploads\/2025\/11\/plakat__budzet__panstwa__420x297.pdf\" type=\"application\/pdf\" style=\"width:100%;height:1030px\" aria-label=\"Osadzone z plakat__budzet__panstwa__420x297.\"><\/object><a id=\"wp-block-file--media-3b0f8bf9-3f47-488c-bf36-33b459d59192\" href=\"https:\/\/otwartespoleczenstwo.org.pl\/wp-content\/uploads\/2025\/11\/plakat__budzet__panstwa__420x297.pdf\">plakat__budzet__panstwa__420x297<\/a><a href=\"https:\/\/otwartespoleczenstwo.org.pl\/wp-content\/uploads\/2025\/11\/plakat__budzet__panstwa__420x297.pdf\" class=\"wp-block-file__button wp-element-button\" download aria-describedby=\"wp-block-file--media-3b0f8bf9-3f47-488c-bf36-33b459d59192\">Pobierz<\/a><\/div>\n","protected":false},"excerpt":{"rendered":"<p>Projekt zak\u0142ada przeszkolenie 220 os\u00f3b zamieszkuj\u0105cych wojew\u00f3dztwo warmi\u0144sko-mazurskie w wieku 60+ z zakresu umiej\u0119tno\u015bci cyfrowych. Stworzonych zostanie22 grupy po \u015brednio 10 os\u00f3b. Ka\u017cda grupa b\u0119dzie uczestniczy\u0107 w warsztatach cyfrowych w wymiarze 28 godzin lekcyjnych \u2013 7 spotka\u0144 po 4 godziny lekcyjne.Program zaj\u0119\u0107 obejmuje takie zagadnienia jak podstawy obs\u0142ugi edytora tekstu, arkusza kalkulacyjnego, u\u017cytkowanie wyszukiwarek internetowych, [&hellip;]<\/p>\n","protected":false},"author":1,"featured_media":0,"parent":116,"menu_order":0,"comment_status":"closed","ping_status":"closed","template":"","meta":{"footnotes":""},"class_list":["post-415","page","type-page","status-publish","hentry"],"_links":{"self":[{"href":"http:\/\/otwartespoleczenstwo.org.pl\/index.php?rest_route=\/wp\/v2\/pages\/415","targetHints":{"allow":["GET"]}}],"collection":[{"href":"http:\/\/otwartespoleczenstwo.org.pl\/index.php?rest_route=\/wp\/v2\/pages"}],"about":[{"href":"http:\/\/otwartespoleczenstwo.org.pl\/index.php?rest_route=\/wp\/v2\/types\/page"}],"author":[{"embeddable":true,"href":"http:\/\/otwartespoleczenstwo.org.pl\/index.php?rest_route=\/wp\/v2\/users\/1"}],"replies":[{"embeddable":true,"href":"http:\/\/otwartespoleczenstwo.org.pl\/index.php?rest_route=%2Fwp%2Fv2%2Fcomments&post=415"}],"version-history":[{"count":1,"href":"http:\/\/otwartespoleczenstwo.org.pl\/index.php?rest_route=\/wp\/v2\/pages\/415\/revisions"}],"predecessor-version":[{"id":417,"href":"http:\/\/otwartespoleczenstwo.org.pl\/index.php?rest_route=\/wp\/v2\/pages\/415\/revisions\/417"}],"up":[{"embeddable":true,"href":"http:\/\/otwartespoleczenstwo.org.pl\/index.php?rest_route=\/wp\/v2\/pages\/116"}],"wp:attachment":[{"href":"http:\/\/otwartespoleczenstwo.org.pl\/index.php?rest_route=%2Fwp%2Fv2%2Fmedia&parent=415"}],"curies":[{"name":"wp","href":"https:\/\/api.w.org\/{rel}","templated":true}]}}