{"id":45,"date":"2024-05-26T14:05:11","date_gmt":"2024-05-26T12:05:11","guid":{"rendered":"https:\/\/otwartespoleczenstwo.org.pl\/?page_id=42"},"modified":"2025-05-05T16:42:22","modified_gmt":"2025-05-05T14:42:22","slug":"rozwiniecie-uslug-spoleczenych-przez-fos","status":"publish","type":"page","link":"http:\/\/otwartespoleczenstwo.org.pl\/?page_id=45","title":{"rendered":"ROZWINI\u0118CIE US\u0141UG SPO\u0141ECZENYCH PRZEZ FOS"},"content":{"rendered":"\n<p style=\"font-size:16px\"><strong>Rozwini\u0119cie us\u0142ug spo\u0142ecznych \u015bwiadczonych przez Fundacj\u0119 Otwartego Spo\u0142ecze\u0144stwa<\/strong><\/p>\n\n\n\n<p style=\"font-size:16px\">Projekt realizowany jest ze \u015brodk\u00f3w Krajowego Planu Odbudowy w ramach programu \u201eOdporno\u015bci oraz rozw\u00f3j ekonomii spo\u0142ecznej i przedsi\u0119biorczo\u015bci spo\u0142ecznej na lata 2022-2025\u201d<\/p>\n\n\n\n<p style=\"font-size:16px\">Obszar 2 &#8211; Budowanie potencja\u0142u przedsi\u0119biorstw spo\u0142ecznych i podmiot\u00f3w ekonomii spo\u0142ecznej do realizacji zdeinstytucjonalizowanych us\u0142ug spo\u0142ecznych.<\/p>\n\n\n\n<p style=\"font-size:16px\">Zrealizowanie zaplanowanych inwestycji pozwoli na \u015bwiadczenie przez Fundacj\u0119 nowych us\u0142ug, kt\u00f3re obecnie nie s\u0105 powszechnie dost\u0119pne. Pozwoli to na rozw\u00f3j podmiotu, jego oferty, jego potencja\u0142u rozwojowego.<\/p>\n\n\n\n<figure class=\"wp-block-image size-large\"><img loading=\"lazy\" decoding=\"async\" width=\"1024\" height=\"131\" src=\"http:\/\/otwartespoleczenstwo.org.pl\/wp-content\/uploads\/2024\/08\/KPO_barwy-RP_NextGenerationEU_poziom_zestawienie_podstawowe_-RGB-1024x131.jpg\" alt=\"\" class=\"wp-image-152\" srcset=\"http:\/\/otwartespoleczenstwo.org.pl\/wp-content\/uploads\/2024\/08\/KPO_barwy-RP_NextGenerationEU_poziom_zestawienie_podstawowe_-RGB-1024x131.jpg 1024w, http:\/\/otwartespoleczenstwo.org.pl\/wp-content\/uploads\/2024\/08\/KPO_barwy-RP_NextGenerationEU_poziom_zestawienie_podstawowe_-RGB-300x38.jpg 300w, http:\/\/otwartespoleczenstwo.org.pl\/wp-content\/uploads\/2024\/08\/KPO_barwy-RP_NextGenerationEU_poziom_zestawienie_podstawowe_-RGB-768x98.jpg 768w, http:\/\/otwartespoleczenstwo.org.pl\/wp-content\/uploads\/2024\/08\/KPO_barwy-RP_NextGenerationEU_poziom_zestawienie_podstawowe_-RGB-1536x197.jpg 1536w, http:\/\/otwartespoleczenstwo.org.pl\/wp-content\/uploads\/2024\/08\/KPO_barwy-RP_NextGenerationEU_poziom_zestawienie_podstawowe_-RGB-2048x262.jpg 2048w\" sizes=\"auto, (max-width: 1024px) 100vw, 1024px\" \/><\/figure>\n","protected":false},"excerpt":{"rendered":"<p>Rozwini\u0119cie us\u0142ug spo\u0142ecznych \u015bwiadczonych przez Fundacj\u0119 Otwartego Spo\u0142ecze\u0144stwa Projekt realizowany jest ze \u015brodk\u00f3w Krajowego Planu Odbudowy w ramach programu \u201eOdporno\u015bci oraz rozw\u00f3j ekonomii spo\u0142ecznej i przedsi\u0119biorczo\u015bci spo\u0142ecznej na lata 2022-2025\u201d Obszar 2 &#8211; Budowanie potencja\u0142u przedsi\u0119biorstw spo\u0142ecznych i podmiot\u00f3w ekonomii spo\u0142ecznej do realizacji zdeinstytucjonalizowanych us\u0142ug spo\u0142ecznych. Zrealizowanie zaplanowanych inwestycji pozwoli na \u015bwiadczenie przez Fundacj\u0119 nowych [&hellip;]<\/p>\n","protected":false},"author":1,"featured_media":0,"parent":361,"menu_order":0,"comment_status":"closed","ping_status":"closed","template":"","meta":{"footnotes":""},"class_list":["post-45","page","type-page","status-publish","hentry"],"_links":{"self":[{"href":"http:\/\/otwartespoleczenstwo.org.pl\/index.php?rest_route=\/wp\/v2\/pages\/45","targetHints":{"allow":["GET"]}}],"collection":[{"href":"http:\/\/otwartespoleczenstwo.org.pl\/index.php?rest_route=\/wp\/v2\/pages"}],"about":[{"href":"http:\/\/otwartespoleczenstwo.org.pl\/index.php?rest_route=\/wp\/v2\/types\/page"}],"author":[{"embeddable":true,"href":"http:\/\/otwartespoleczenstwo.org.pl\/index.php?rest_route=\/wp\/v2\/users\/1"}],"replies":[{"embeddable":true,"href":"http:\/\/otwartespoleczenstwo.org.pl\/index.php?rest_route=%2Fwp%2Fv2%2Fcomments&post=45"}],"version-history":[{"count":3,"href":"http:\/\/otwartespoleczenstwo.org.pl\/index.php?rest_route=\/wp\/v2\/pages\/45\/revisions"}],"predecessor-version":[{"id":256,"href":"http:\/\/otwartespoleczenstwo.org.pl\/index.php?rest_route=\/wp\/v2\/pages\/45\/revisions\/256"}],"up":[{"embeddable":true,"href":"http:\/\/otwartespoleczenstwo.org.pl\/index.php?rest_route=\/wp\/v2\/pages\/361"}],"wp:attachment":[{"href":"http:\/\/otwartespoleczenstwo.org.pl\/index.php?rest_route=%2Fwp%2Fv2%2Fmedia&parent=45"}],"curies":[{"name":"wp","href":"https:\/\/api.w.org\/{rel}","templated":true}]}}