{"id":399,"date":"2025-05-20T10:43:11","date_gmt":"2025-05-20T08:43:11","guid":{"rendered":"https:\/\/otwartespoleczenstwo.org.pl\/?page_id=399"},"modified":"2025-06-03T09:13:14","modified_gmt":"2025-06-03T07:13:14","slug":"zapytania-ofertowe","status":"publish","type":"page","link":"https:\/\/otwartespoleczenstwo.org.pl\/?page_id=399","title":{"rendered":"Zapytania ofertowe"},"content":{"rendered":"\n<p><strong>ZAPYTANIE OFERTOWE NR 1\/DN. 12.05.2025 \/ Fundacja Otwartego Spo\u0142ecze\u0144stwa<\/strong><\/p>\n\n\n\n<p>Szanowni Pa\u0144stwo,<\/p>\n\n\n\n<p>Fundacja Otwartego Spo\u0142ecze\u0144stwa, w ramach projektu \u201eKompetencje dla wszystkich \u2013 szkolenia dla os\u00f3b z otoczenia os\u00f3b niepe\u0142nosprawnych\u201d realizowanego ze \u015brodk\u00f3w PFRON, zaprasza do sk\u0142adania ofert w post\u0119powaniu o udzielenie zam\u00f3wienia na &nbsp;3-dniowe (2 noclegi) szkolenie wraz z us\u0142ugami konferencyjnymi dla 8 grup 9-osobowych i ich wielokrotno\u015b\u0107, w tym zakwaterowanie i wy\u017cywienie w Pa\u0144stwa obiekcie.<\/p>\n\n\n\n<p><strong>&nbsp;Nazwa i adres Zamawiaj\u0105cego:<\/strong><\/p>\n\n\n\n<p>Fundacja Otwartego Spo\u0142ecze\u0144stwa<\/p>\n\n\n\n<p>10-225 Olsztyn al. Wojska Polskiego 20a\/90<\/p>\n\n\n\n<p>Tel. 533&nbsp;424 037, e-mail: otwartespoleczenstwo@gmail.com<\/p>\n\n\n\n<ol start=\"1\" class=\"wp-block-list\">\n<li><strong>PRZEDMIOT ZAM\u00d3WIENIA<\/strong><\/li>\n<\/ol>\n\n\n\n<p>Przedmiotem niniejszego zam\u00f3wienia jest wyb\u00f3r podmiot\u00f3w \u015bwiadcz\u0105cych powy\u017csze us\u0142ugi na terenie gminy Barczewo.<\/p>\n\n\n\n<p>Zamawiaj\u0105cy nie dopuszcza mo\u017cliwo\u015bci sk\u0142adania ofert cz\u0119\u015bciowych.<\/p>\n\n\n\n<ol start=\"1\" class=\"wp-block-list\">\n<li><strong>Zakres us\u0142ug obejmuje<\/strong>:<\/li>\n\n\n\n<li>Szkolenia w terminach:<\/li>\n\n\n\n<li>2 noclegi dla grup 9-osobowych (preferowane pokoje 1- lub 2- osobowe)<\/li>\n\n\n\n<li>Wynajem sal konferencyjnych przez dni dla ka\u017cdej z grup 9-cioosobowowych na czas szkole\u0144 wyposa\u017conych w standardowe zaplecze multimedialne (rzutnik, ekran, flipchart, Wi-Fi)<\/li>\n<\/ol>\n\n\n\n<p><strong>Informacje dodatkowe:<\/strong><\/p>\n\n\n\n<p>Prosimy o zapewnienie:<\/p>\n\n\n\n<ul class=\"wp-block-list\">\n<li>3 przerw kawowych (jedna dziennie) \u2013 kawa, herbata, woda, soki, drobne przek\u0105ski,<\/li>\n\n\n\n<li>3 obiady (pi\u0105tek, sobota, niedziela),<\/li>\n\n\n\n<li>2 kolacje (pi\u0119tek, sobota),<\/li>\n\n\n\n<li>2 \u015bniadania (sobota i niedziela, w formie bufetu).<\/li>\n<\/ul>\n\n\n\n<p><strong>Informacje dodatkowe:<\/strong><\/p>\n\n\n\n<p>Prosimy o uwzgl\u0119dnienie:<\/p>\n\n\n\n<ul class=\"wp-block-list\">\n<li>Pe\u0142nego kosztu us\u0142ugi ( z wyszczeg\u00f3lnieniem cen za poszczeg\u00f3lne elementy),<\/li>\n\n\n\n<li>Dost\u0119pnych wariant\u00f3w menu oraz opcji diety specjalnej (wegetaria\u0144ska, bezglutenowa itp.),<\/li>\n\n\n\n<li>Informacji o mo\u017cliwych dodatkowych udogodnieniach (parking, dost\u0119p do strefy wellness, Wi- Fi w pokojach)<\/li>\n\n\n\n<li>Harmonogram godzinowy posi\u0142k\u00f3w podporz\u0105dkowany pod wymagania Zamawiaj\u0105cego<\/li>\n\n\n\n<li>Informacji o terminach realizacji zapytania w wy\u017cej wymienionych miesi\u0105cach<\/li>\n\n\n\n<li>Informacji o warunkach p\u0142atno\u015bci i anulacji<br><br><\/li>\n<\/ul>\n\n\n\n<p><strong>Termin odpowiedzi \u2013 29.05.2025 r.<\/strong><\/p>\n\n\n\n<p><strong>Teren \u2013 gmina Barczewo<\/strong><\/p>\n\n\n\n<p>Wybrane zostan\u0105 2 dwie oferty.<\/p>\n\n\n\n<p><\/p>\n\n\n\n<p>Wz\u00f3r oferty: <\/p>\n\n\n\n<div class=\"wp-block-file\"><a id=\"wp-block-file--media-3bc602dc-e9de-4c16-81f7-498654d5ab3c\" href=\"https:\/\/otwartespoleczenstwo.org.pl\/wp-content\/uploads\/2025\/05\/wzor-oferty.doc\">wz\u00f3r oferty<\/a><a href=\"https:\/\/otwartespoleczenstwo.org.pl\/wp-content\/uploads\/2025\/05\/wzor-oferty.doc\" class=\"wp-block-file__button wp-element-button\" download aria-describedby=\"wp-block-file--media-3bc602dc-e9de-4c16-81f7-498654d5ab3c\">Pobierz<\/a><\/div>\n\n\n\n<p>Wyniki:<\/p>\n\n\n\n<p>&#8222;OiO&#8221; &#8211; Organizacja Imprez Okoliczno\u015bciowych Irena Szczepa\u0144ska, Tumiany 7, 11-010 Barczewo &#8211; 100 pkt.<\/p>\n\n\n\n<p>Star-Dadaj sp. z o. o., ul. Lubelska 44, 10-409 Olsztyn &#8211; 100 pkt.<\/p>\n","protected":false},"excerpt":{"rendered":"<p>ZAPYTANIE OFERTOWE NR 1\/DN. 12.05.2025 \/ Fundacja Otwartego Spo\u0142ecze\u0144stwa Szanowni Pa\u0144stwo, Fundacja Otwartego Spo\u0142ecze\u0144stwa, w ramach projektu \u201eKompetencje dla wszystkich \u2013 szkolenia dla os\u00f3b z otoczenia os\u00f3b niepe\u0142nosprawnych\u201d realizowanego ze \u015brodk\u00f3w PFRON, zaprasza do sk\u0142adania ofert w post\u0119powaniu o udzielenie zam\u00f3wienia na &nbsp;3-dniowe (2 noclegi) szkolenie wraz z us\u0142ugami konferencyjnymi dla 8 grup 9-osobowych i [&hellip;]<\/p>\n","protected":false},"author":1,"featured_media":0,"parent":0,"menu_order":0,"comment_status":"closed","ping_status":"closed","template":"","meta":{"footnotes":""},"class_list":["post-399","page","type-page","status-publish","hentry"],"_links":{"self":[{"href":"https:\/\/otwartespoleczenstwo.org.pl\/index.php?rest_route=\/wp\/v2\/pages\/399","targetHints":{"allow":["GET"]}}],"collection":[{"href":"https:\/\/otwartespoleczenstwo.org.pl\/index.php?rest_route=\/wp\/v2\/pages"}],"about":[{"href":"https:\/\/otwartespoleczenstwo.org.pl\/index.php?rest_route=\/wp\/v2\/types\/page"}],"author":[{"embeddable":true,"href":"https:\/\/otwartespoleczenstwo.org.pl\/index.php?rest_route=\/wp\/v2\/users\/1"}],"replies":[{"embeddable":true,"href":"https:\/\/otwartespoleczenstwo.org.pl\/index.php?rest_route=%2Fwp%2Fv2%2Fcomments&post=399"}],"version-history":[{"count":4,"href":"https:\/\/otwartespoleczenstwo.org.pl\/index.php?rest_route=\/wp\/v2\/pages\/399\/revisions"}],"predecessor-version":[{"id":413,"href":"https:\/\/otwartespoleczenstwo.org.pl\/index.php?rest_route=\/wp\/v2\/pages\/399\/revisions\/413"}],"wp:attachment":[{"href":"https:\/\/otwartespoleczenstwo.org.pl\/index.php?rest_route=%2Fwp%2Fv2%2Fmedia&parent=399"}],"curies":[{"name":"wp","href":"https:\/\/api.w.org\/{rel}","templated":true}]}}